{"id":223,"date":"2026-05-06T18:45:23","date_gmt":"2026-05-06T16:45:23","guid":{"rendered":"https:\/\/new.le-cocher.org\/?page_id=223"},"modified":"2026-05-07T21:20:09","modified_gmt":"2026-05-07T19:20:09","slug":"nuit-des-etoiles-2026","status":"publish","type":"page","link":"https:\/\/www.le-cocher.org\/?page_id=223","title":{"rendered":"Nuit des \u00c9toiles 2026"},"content":{"rendered":"\n<div class=\"wp-block-group is-nowrap is-layout-flex wp-container-core-group-is-layout-ad2f72ca wp-block-group-is-layout-flex\">\n<p><br>Festival de la nuit des \u00e9toiles le samedi <em><strong>8 ao\u00fbt 2026<\/strong><\/em> au stade du Buisson de la Grolle \u00e0 la Chapelle-sur-Erdre, de 15h \u00e0 2h du matin. Cette ann\u00e9e, le th\u00e8me en sera le soleil.<br><br><strong>Entr\u00e9e et animations gratuites, venez nombreux !<\/strong><\/p>\n\n\n\n<figure class=\"wp-block-image size-large is-resized\"><img loading=\"lazy\" decoding=\"async\" width=\"852\" height=\"1024\" src=\"https:\/\/www.le-cocher.org\/wp-content\/uploads\/2026\/05\/NuitDesEtoiles2026-852x1024.jpeg\" alt=\"\" class=\"wp-image-146\" style=\"aspect-ratio:0.8320295760513362;width:340px;height:auto\" srcset=\"https:\/\/www.le-cocher.org\/wp-content\/uploads\/2026\/05\/NuitDesEtoiles2026-852x1024.jpeg 852w, https:\/\/www.le-cocher.org\/wp-content\/uploads\/2026\/05\/NuitDesEtoiles2026-250x300.jpeg 250w, https:\/\/www.le-cocher.org\/wp-content\/uploads\/2026\/05\/NuitDesEtoiles2026-768x923.jpeg 768w, https:\/\/www.le-cocher.org\/wp-content\/uploads\/2026\/05\/NuitDesEtoiles2026-1278x1536.jpeg 1278w, https:\/\/www.le-cocher.org\/wp-content\/uploads\/2026\/05\/NuitDesEtoiles2026.jpeg 1524w\" sizes=\"auto, (max-width: 852px) 100vw, 852px\" \/><\/figure>\n<\/div>\n\n\n\n<iframe loading=\"lazy\" style=\"border: 0;\" src=\"https:\/\/www.google.com\/maps\/embed?pb=!1m18!1m12!1m3!1d2723.8994837643195!2d-1.5408102882186565!3d47.289318409713545!2m3!1f0!2f0!3f0!3m2!1i1024!2i768!4f13.1!3m3!1m2!1s0x4805f1dc7e443071%3A0xff53cdae067267a4!2sComplexe%20sportif%20du%20Buisson%20de%20la%20Grolle!5e1!3m2!1sfr!2sfr!4v1778070443629!5m2!1sfr!2sfr\" width=\"400\" height=\"300\" allowfullscreen=\"allowfullscreen\"><\/iframe>\n","protected":false},"excerpt":{"rendered":"<p>Festival de la nuit des \u00e9toiles le samedi 8 ao\u00fbt 2026 au stade du Buisson de la Grolle \u00e0 la Chapelle-sur-Erdre, de 15h \u00e0 2h du matin. Cette ann\u00e9e, le th\u00e8me en sera le soleil. Entr\u00e9e et animations gratuites, venez nombreux !<\/p>\n","protected":false},"author":1,"featured_media":0,"parent":0,"menu_order":0,"comment_status":"closed","ping_status":"closed","template":"","meta":{"ngg_post_thumbnail":0,"footnotes":""},"class_list":["post-223","page","type-page","status-publish","hentry"],"_links":{"self":[{"href":"https:\/\/www.le-cocher.org\/index.php?rest_route=\/wp\/v2\/pages\/223","targetHints":{"allow":["GET"]}}],"collection":[{"href":"https:\/\/www.le-cocher.org\/index.php?rest_route=\/wp\/v2\/pages"}],"about":[{"href":"https:\/\/www.le-cocher.org\/index.php?rest_route=\/wp\/v2\/types\/page"}],"author":[{"embeddable":true,"href":"https:\/\/www.le-cocher.org\/index.php?rest_route=\/wp\/v2\/users\/1"}],"replies":[{"embeddable":true,"href":"https:\/\/www.le-cocher.org\/index.php?rest_route=%2Fwp%2Fv2%2Fcomments&post=223"}],"version-history":[{"count":2,"href":"https:\/\/www.le-cocher.org\/index.php?rest_route=\/wp\/v2\/pages\/223\/revisions"}],"predecessor-version":[{"id":256,"href":"https:\/\/www.le-cocher.org\/index.php?rest_route=\/wp\/v2\/pages\/223\/revisions\/256"}],"wp:attachment":[{"href":"https:\/\/www.le-cocher.org\/index.php?rest_route=%2Fwp%2Fv2%2Fmedia&parent=223"}],"curies":[{"name":"wp","href":"https:\/\/api.w.org\/{rel}","templated":true}]}}