{"id":218,"date":"2026-05-06T18:01:23","date_gmt":"2026-05-06T16:01:23","guid":{"rendered":"https:\/\/new.le-cocher.org\/?page_id=218"},"modified":"2026-05-07T21:42:29","modified_gmt":"2026-05-07T19:42:29","slug":"calendrier","status":"publish","type":"page","link":"https:\/\/www.le-cocher.org\/?page_id=218","title":{"rendered":"Calendrier"},"content":{"rendered":"\n<h2 class=\"wp-block-heading\">R\u00e9union du 22 mai 2026 (20h30, Maison de la Nature)<\/h2>\n\n\n\n<ul class=\"wp-block-list\">\n<li>Mini-Conf\u00e9rence Ciel Profond \u00ab\u00a0Les Amas Globulaires\u00a0\u00bb avec Pierre &amp; Nicolas<\/li>\n\n\n\n<li>Pr\u00e9sentation de Sol&rsquo;Ex et de son logiciel par notre invit\u00e9 sp\u00e9cial C\u00e9dric CHAMPEAU<\/li>\n\n\n\n<li>Pr\u00e9sentation des mat\u00e9riels du club en vente.<\/li>\n<\/ul>\n\n\n\n<h2 class=\"wp-block-heading\">R\u00e9union du 12 juin 2026 (20h30, Maison de la Nature)<\/h2>\n\n\n\n<ul class=\"wp-block-list\">\n<li>Mini Conf\u00e9rence Ciel Profond \u00ab\u00a0Notre Galaxie et ses Satellites\u00a0\u00bb avec Pierre &amp; Alexandre<\/li>\n\n\n\n<li>Technologies des montures avec Micka\u00ebl<\/li>\n\n\n\n<li>L&rsquo;\u00e9cosyst\u00e8me de motorisation de monture \u00ab\u00a0OnStep\u00a0\u00bb avec Nicolas &amp; Alexandre <\/li>\n<\/ul>\n\n\n\n<h2 class=\"wp-block-heading\">R\u00e9union du 19 juin 2026 (20h30, Maison de la Nature)<\/h2>\n\n\n\n<p>Pr\u00e9paration de la Nuit de \u00c9toiles 2026<\/p>\n\n\n\n<h2 class=\"wp-block-heading\">Nuit des \u00c9toiles le 8 ao\u00fbt 2026 (15h, Buisson de la Grolle)<\/h2>\n\n\n\n<p><a href=\"https:\/\/www.le-cocher.org\/?page_id=223\" data-type=\"page\" data-id=\"223\">Voir la page d\u00e9di\u00e9e<\/a><\/p>\n\n\n\n<p><\/p>\n","protected":false},"excerpt":{"rendered":"<p>R\u00e9union du 22 mai 2026 (20h30, Maison de la Nature) R\u00e9union du 12 juin 2026 (20h30, Maison de la Nature) R\u00e9union du 19 juin 2026 (20h30, Maison de la Nature) Pr\u00e9paration de la Nuit de \u00c9toiles 2026 Nuit des \u00c9toiles le 8 ao\u00fbt 2026 (15h, Buisson de la Grolle) Voir la page d\u00e9di\u00e9e<\/p>\n","protected":false},"author":1,"featured_media":0,"parent":0,"menu_order":0,"comment_status":"closed","ping_status":"closed","template":"","meta":{"ngg_post_thumbnail":0,"footnotes":""},"class_list":["post-218","page","type-page","status-publish","hentry"],"_links":{"self":[{"href":"https:\/\/www.le-cocher.org\/index.php?rest_route=\/wp\/v2\/pages\/218","targetHints":{"allow":["GET"]}}],"collection":[{"href":"https:\/\/www.le-cocher.org\/index.php?rest_route=\/wp\/v2\/pages"}],"about":[{"href":"https:\/\/www.le-cocher.org\/index.php?rest_route=\/wp\/v2\/types\/page"}],"author":[{"embeddable":true,"href":"https:\/\/www.le-cocher.org\/index.php?rest_route=\/wp\/v2\/users\/1"}],"replies":[{"embeddable":true,"href":"https:\/\/www.le-cocher.org\/index.php?rest_route=%2Fwp%2Fv2%2Fcomments&post=218"}],"version-history":[{"count":5,"href":"https:\/\/www.le-cocher.org\/index.php?rest_route=\/wp\/v2\/pages\/218\/revisions"}],"predecessor-version":[{"id":264,"href":"https:\/\/www.le-cocher.org\/index.php?rest_route=\/wp\/v2\/pages\/218\/revisions\/264"}],"wp:attachment":[{"href":"https:\/\/www.le-cocher.org\/index.php?rest_route=%2Fwp%2Fv2%2Fmedia&parent=218"}],"curies":[{"name":"wp","href":"https:\/\/api.w.org\/{rel}","templated":true}]}}