{"id":19,"date":"2026-05-01T18:50:24","date_gmt":"2026-05-01T16:50:24","guid":{"rendered":"http:\/\/new.le-cocher.org\/?page_id=19"},"modified":"2026-05-08T07:54:18","modified_gmt":"2026-05-08T05:54:18","slug":"le-club","status":"publish","type":"page","link":"https:\/\/www.le-cocher.org\/?page_id=19","title":{"rendered":"Le Club"},"content":{"rendered":"\n<p><\/p>\n\n\n\n<p>L&rsquo;association du <strong>C<\/strong>lub des <strong>O<\/strong>bservateurs de la <strong>CH<\/strong>apelle-sur-<strong>ER<\/strong>dre a \u00e9t\u00e9 cr\u00e9\u00e9e en 1994. Vous pouvez <a href=\"\/wp-content\/uploads\/2026\/05\/LE-COCHER-2026-Statuts-de-lassociation.pdf\">en t\u00e9l\u00e9charger les statuts<\/a>.<\/p>\n\n\n\n<p>Son bureau, \u00e9lu \u00e0 l&rsquo;unanimit\u00e9 lors de l&rsquo;Assembl\u00e9e G\u00e9n\u00e9rale du 16 janvier 2026, est compos\u00e9 de :<\/p>\n\n\n\n<ul class=\"wp-block-list\">\n<li>Un pr\u00e9sident, <strong>Nicolas RICQUEMAQUE<\/strong> \u00ab\u00a0Comprendre, partager, fabriquer, animer. Observation visuelle et visuel assist\u00e9.\u00a0\u00bb<\/li>\n\n\n\n<li>Un tr\u00e9sorier : <strong>Jean-Marc DROUILLET<\/strong> \u00ab\u00a0Observation visuelle ; Lunette de 120mm + Lunette de 80mm\u00a0\u00bb<\/li>\n\n\n\n<li>Un secr\u00e9taire : <strong>Pierre REVEL<\/strong> \u00ab\u00a0Photo &amp; visuel assist\u00e9 ciel profond &#8211; Construction de lunettes DIY\u00a0\u00bb<\/li>\n<\/ul>\n\n\n\n<p>L&rsquo;association comprend actuellement environ 45 membres passionn\u00e9s.<\/p>\n\n\n\n<p>Notre Club se r\u00e9unit environ deux vendredis soir par mois (hors vacances scolaires) \u00e0 la maison de la nature \u00e0 La Chapelle-sur-Erdre (<a href=\"https:\/\/www.le-cocher.org\/?page_id=218\" data-type=\"page\" data-id=\"218\">voir le calendrier<\/a>) :<\/p>\n\n\n\n<iframe src=\"https:\/\/www.google.com\/maps\/embed?pb=!1m18!1m12!1m3!1d804.8823566671346!2d-1.5537175591534576!3d47.269572752391205!2m3!1f0!2f0!3f0!3m2!1i1024!2i768!4f13.1!3m3!1m2!1s0x4805ee1015e4fd61%3A0x300547643fce1623!2sMaison%20de%20la%20Nature!5e0!3m2!1sen!2sus!4v1777826330716!5m2!1sen!2sus\" width=\"600\" height=\"450\" style=\"border:0;\" allowfullscreen=\"\" loading=\"lazy\" referrerpolicy=\"no-referrer-when-downgrade\"><\/iframe>\n\n\n\n<figure class=\"wp-block-image size-full is-resized\"><img loading=\"lazy\" decoding=\"async\" width=\"600\" height=\"287\" src=\"https:\/\/www.le-cocher.org\/wp-content\/uploads\/2026\/05\/maisonnature.jpg\" alt=\"\" class=\"wp-image-284\" style=\"width:780px;height:auto\" srcset=\"https:\/\/www.le-cocher.org\/wp-content\/uploads\/2026\/05\/maisonnature.jpg 600w, https:\/\/www.le-cocher.org\/wp-content\/uploads\/2026\/05\/maisonnature-300x144.jpg 300w\" sizes=\"auto, (max-width: 600px) 100vw, 600px\" \/><\/figure>\n","protected":false},"excerpt":{"rendered":"<p>L&rsquo;association du Club des Observateurs de la CHapelle-sur-ERdre a \u00e9t\u00e9 cr\u00e9\u00e9e en 1994. Vous pouvez en t\u00e9l\u00e9charger les statuts. Son bureau, \u00e9lu \u00e0 l&rsquo;unanimit\u00e9 lors de l&rsquo;Assembl\u00e9e G\u00e9n\u00e9rale du 16 janvier 2026, est compos\u00e9 de : L&rsquo;association comprend actuellement environ 45 membres passionn\u00e9s. Notre Club se r\u00e9unit environ deux vendredis soir par mois (hors vacances <a class=\"more-link\" href=\"https:\/\/www.le-cocher.org\/?page_id=19\">Lire plus &#8230;<\/a><\/p>\n","protected":false},"author":1,"featured_media":0,"parent":0,"menu_order":0,"comment_status":"closed","ping_status":"closed","template":"","meta":{"ngg_post_thumbnail":0,"footnotes":""},"class_list":["post-19","page","type-page","status-publish","hentry"],"_links":{"self":[{"href":"https:\/\/www.le-cocher.org\/index.php?rest_route=\/wp\/v2\/pages\/19","targetHints":{"allow":["GET"]}}],"collection":[{"href":"https:\/\/www.le-cocher.org\/index.php?rest_route=\/wp\/v2\/pages"}],"about":[{"href":"https:\/\/www.le-cocher.org\/index.php?rest_route=\/wp\/v2\/types\/page"}],"author":[{"embeddable":true,"href":"https:\/\/www.le-cocher.org\/index.php?rest_route=\/wp\/v2\/users\/1"}],"replies":[{"embeddable":true,"href":"https:\/\/www.le-cocher.org\/index.php?rest_route=%2Fwp%2Fv2%2Fcomments&post=19"}],"version-history":[{"count":10,"href":"https:\/\/www.le-cocher.org\/index.php?rest_route=\/wp\/v2\/pages\/19\/revisions"}],"predecessor-version":[{"id":285,"href":"https:\/\/www.le-cocher.org\/index.php?rest_route=\/wp\/v2\/pages\/19\/revisions\/285"}],"wp:attachment":[{"href":"https:\/\/www.le-cocher.org\/index.php?rest_route=%2Fwp%2Fv2%2Fmedia&parent=19"}],"curies":[{"name":"wp","href":"https:\/\/api.w.org\/{rel}","templated":true}]}}