{"id":166,"date":"2026-05-06T14:41:38","date_gmt":"2026-05-06T12:41:38","guid":{"rendered":"https:\/\/new.le-cocher.org\/?page_id=166"},"modified":"2026-05-07T23:21:52","modified_gmt":"2026-05-07T21:21:52","slug":"inscriptions","status":"publish","type":"page","link":"https:\/\/www.le-cocher.org\/?page_id=166","title":{"rendered":"Inscriptions"},"content":{"rendered":"\n<p>Si vous souhaitez adh\u00e9rer \u00e0 notre club, c&rsquo;est tr\u00e8s simple\u00a0: il suffit de venir <a href=\"https:\/\/www.le-cocher.org\/?page_id=218\" data-type=\"page\" data-id=\"218\">\u00e0 une de nos r\u00e9unions ou ateliers<\/a>.<\/p>\n\n\n\n<p>Une r\u00e9union et un atelier se d\u00e9roulent r\u00e9guli\u00e8rement, le vendredi soir, \u00e0 partir de 20h30 \u00e0 la Maison de la Nature de Gesvrine \u00e0 la Chapelle-sur-Erdre.<\/p>\n\n\n\n<iframe src=\"https:\/\/www.google.com\/maps\/embed?pb=!1m18!1m12!1m3!1d804.8823566671346!2d-1.5537175591534576!3d47.269572752391205!2m3!1f0!2f0!3f0!3m2!1i1024!2i768!4f13.1!3m3!1m2!1s0x4805ee1015e4fd61%3A0x300547643fce1623!2sMaison%20de%20la%20Nature!5e0!3m2!1sen!2sus!4v1777826330716!5m2!1sen!2sus\" width=\"400\" height=\"300\" style=\"border:0;\" allowfullscreen=\"\" loading=\"lazy\" referrerpolicy=\"no-referrer-when-downgrade\"><\/iframe>\n\n\n\n<hr class=\"wp-block-separator has-alpha-channel-opacity\"\/>\n\n\n\n<p><strong>COTISATION ANNUELLE<\/strong><\/p>\n\n\n\n<p>Il est demand\u00e9 une base de 30 \u20ac + 15 \u20ac par membre suppl\u00e9mentaire de la famille, soit&nbsp;:<\/p>\n\n\n\n<ul class=\"wp-block-list\">\n<li>pour une personne 30 \u20ac<\/li>\n<\/ul>\n\n\n\n<ul class=\"wp-block-list\">\n<li>pour deux personnes 45 \u20ac<\/li>\n<\/ul>\n\n\n\n<ul class=\"wp-block-list\">\n<li>pour trois personnes 60 \u20ac<\/li>\n<\/ul>\n\n\n\n<ul class=\"wp-block-list\">\n<li>Et ainsi de suite&#8230;<\/li>\n<\/ul>\n\n\n\n<p>Paiement par carte bancaire, ch\u00e8que ou esp\u00e8ces.<\/p>\n\n\n\n<p>Nous n&rsquo;avons malheureusement aucune activit\u00e9 sp\u00e9cifique pour les enfants mais les acceptons \u00e0 partir de 8 ans accompagn\u00e9s d&rsquo;un de leurs parents.<\/p>\n","protected":false},"excerpt":{"rendered":"<p>Si vous souhaitez adh\u00e9rer \u00e0 notre club, c&rsquo;est tr\u00e8s simple\u00a0: il suffit de venir \u00e0 une de nos r\u00e9unions ou ateliers. Une r\u00e9union et un atelier se d\u00e9roulent r\u00e9guli\u00e8rement, le vendredi soir, \u00e0 partir de 20h30 \u00e0 la Maison de la Nature de Gesvrine \u00e0 la Chapelle-sur-Erdre. COTISATION ANNUELLE Il est demand\u00e9 une base de <a class=\"more-link\" href=\"https:\/\/www.le-cocher.org\/?page_id=166\">Lire plus &#8230;<\/a><\/p>\n","protected":false},"author":1,"featured_media":0,"parent":0,"menu_order":0,"comment_status":"closed","ping_status":"closed","template":"","meta":{"ngg_post_thumbnail":0,"footnotes":""},"class_list":["post-166","page","type-page","status-publish","hentry"],"_links":{"self":[{"href":"https:\/\/www.le-cocher.org\/index.php?rest_route=\/wp\/v2\/pages\/166","targetHints":{"allow":["GET"]}}],"collection":[{"href":"https:\/\/www.le-cocher.org\/index.php?rest_route=\/wp\/v2\/pages"}],"about":[{"href":"https:\/\/www.le-cocher.org\/index.php?rest_route=\/wp\/v2\/types\/page"}],"author":[{"embeddable":true,"href":"https:\/\/www.le-cocher.org\/index.php?rest_route=\/wp\/v2\/users\/1"}],"replies":[{"embeddable":true,"href":"https:\/\/www.le-cocher.org\/index.php?rest_route=%2Fwp%2Fv2%2Fcomments&post=166"}],"version-history":[{"count":6,"href":"https:\/\/www.le-cocher.org\/index.php?rest_route=\/wp\/v2\/pages\/166\/revisions"}],"predecessor-version":[{"id":281,"href":"https:\/\/www.le-cocher.org\/index.php?rest_route=\/wp\/v2\/pages\/166\/revisions\/281"}],"wp:attachment":[{"href":"https:\/\/www.le-cocher.org\/index.php?rest_route=%2Fwp%2Fv2%2Fmedia&parent=166"}],"curies":[{"name":"wp","href":"https:\/\/api.w.org\/{rel}","templated":true}]}}