{"id":16,"date":"2026-05-01T18:50:24","date_gmt":"2026-05-01T16:50:24","guid":{"rendered":"http:\/\/new.le-cocher.org\/?page_id=16"},"modified":"2026-05-07T23:01:35","modified_gmt":"2026-05-07T21:01:35","slug":"accueil","status":"publish","type":"page","link":"https:\/\/www.le-cocher.org\/","title":{"rendered":"Accueil"},"content":{"rendered":"\n<h2 class=\"wp-block-heading\"><strong><a href=\"https:\/\/www.le-cocher.org\/?page_id=223\" data-type=\"page\" data-id=\"223\" class=\"lien_clean\">Festival de la nuit des \u00e9toiles<\/a><\/strong><\/h2>\n\n\n\n<div class=\"wp-block-group is-nowrap is-layout-flex wp-container-core-group-is-layout-ad2f72ca wp-block-group-is-layout-flex\">\n<p>Samedi 8 ao\u00fbt 2026 au stade du Buisson de la Grolle \u00e0 la Chapelle-sur-Erdre,de 15h \u00e0 2h du matin. Cette ann\u00e9e, le th\u00e8me en sera le soleil.<br><br><strong>Entr\u00e9e et animations gratuites, venez nombreux !<\/strong><\/p>\n\n\n\n<figure class=\"wp-block-image size-large is-resized\"><a href=\"\/?page_id=223\"><img loading=\"lazy\" decoding=\"async\" width=\"852\" height=\"1024\" src=\"https:\/\/www.le-cocher.org\/wp-content\/uploads\/2026\/05\/NuitDesEtoiles2026-852x1024.jpeg\" alt=\"\" class=\"wp-image-146\" style=\"aspect-ratio:0.8320295760513362;width:347px;height:auto\" srcset=\"https:\/\/www.le-cocher.org\/wp-content\/uploads\/2026\/05\/NuitDesEtoiles2026-852x1024.jpeg 852w, https:\/\/www.le-cocher.org\/wp-content\/uploads\/2026\/05\/NuitDesEtoiles2026-250x300.jpeg 250w, https:\/\/www.le-cocher.org\/wp-content\/uploads\/2026\/05\/NuitDesEtoiles2026-768x923.jpeg 768w, https:\/\/www.le-cocher.org\/wp-content\/uploads\/2026\/05\/NuitDesEtoiles2026-1278x1536.jpeg 1278w, https:\/\/www.le-cocher.org\/wp-content\/uploads\/2026\/05\/NuitDesEtoiles2026.jpeg 1524w\" sizes=\"auto, (max-width: 852px) 100vw, 852px\" \/><\/a><\/figure>\n<\/div>\n\n\n\n<hr class=\"wp-block-separator has-alpha-channel-opacity\"\/>\n\n\n\n<p>Le <strong>C<\/strong>lub des <strong>O<\/strong>bservateurs de la <strong>CH<\/strong>apelle-sur-<strong>ER<\/strong>dre a pour vocation de mettre l&rsquo;<strong>astronomie<\/strong> \u00e0 la port\u00e9e de tous les <strong>amateurs<\/strong>, tant dans ses activit\u00e9s, r\u00e9unions et ateliers que dans ses interventions aupr\u00e8s du public de la r\u00e9gion de Nantes. En rejoignant <strong>LE COCHER<\/strong>, vous pourrez&nbsp;:<\/p>\n\n\n\n<ul class=\"wp-block-list\">\n<li>Observer les plan\u00e8tes et autres objets c\u00e9lestes&nbsp;: n\u00e9buleuses, galaxies, amas d&rsquo;\u00e9toiles&#8230;<\/li>\n\n\n\n<li>Apprendre \u00e0 vous rep\u00e9rer dans le ciel nocturne et \u00e0 reconna\u00eetre les objets c\u00e9lestes<\/li>\n\n\n\n<li>Participer \u00e0 des sorties astronomiques en groupe, rechercher des lieux d&rsquo;observation<\/li>\n\n\n\n<li>Mieux comprendre l&rsquo;univers et l&rsquo;astrophysique<\/li>\n\n\n\n<li>\u00c9changer des exp\u00e9riences avec d&rsquo;autres astronomes amateurs<\/li>\n\n\n\n<li>Apprendre \u00e0 r\u00e9gler et \u00e0 utiliser les mat\u00e9riels astronomiques<\/li>\n\n\n\n<li>Apprendre \u00e0 photographier le ciel nocturne (mat\u00e9riels, logiciels)<\/li>\n\n\n\n<li>Construire des mat\u00e9riels astronomiques<\/li>\n\n\n\n<li>Mieux conna\u00eetre les instruments et leurs caract\u00e9ristiques pour faire un choix d&rsquo;achat pertinent<\/li>\n\n\n\n<li>Utiliser chez vous les instruments du club: montures, lunettes, t\u00e9lescopes, livres.<\/li>\n<\/ul>\n\n\n\n<p><\/p>\n","protected":false},"excerpt":{"rendered":"<p>Festival de la nuit des \u00e9toiles Samedi 8 ao\u00fbt 2026 au stade du Buisson de la Grolle \u00e0 la Chapelle-sur-Erdre,de 15h \u00e0 2h du matin. Cette ann\u00e9e, le th\u00e8me en sera le soleil. Entr\u00e9e et animations gratuites, venez nombreux ! Le Club des Observateurs de la CHapelle-sur-ERdre a pour vocation de mettre l&rsquo;astronomie \u00e0 la <a class=\"more-link\" href=\"https:\/\/www.le-cocher.org\/\">Lire plus &#8230;<\/a><\/p>\n","protected":false},"author":1,"featured_media":0,"parent":0,"menu_order":0,"comment_status":"closed","ping_status":"closed","template":"","meta":{"ngg_post_thumbnail":0,"footnotes":""},"class_list":["post-16","page","type-page","status-publish","hentry"],"_links":{"self":[{"href":"https:\/\/www.le-cocher.org\/index.php?rest_route=\/wp\/v2\/pages\/16","targetHints":{"allow":["GET"]}}],"collection":[{"href":"https:\/\/www.le-cocher.org\/index.php?rest_route=\/wp\/v2\/pages"}],"about":[{"href":"https:\/\/www.le-cocher.org\/index.php?rest_route=\/wp\/v2\/types\/page"}],"author":[{"embeddable":true,"href":"https:\/\/www.le-cocher.org\/index.php?rest_route=\/wp\/v2\/users\/1"}],"replies":[{"embeddable":true,"href":"https:\/\/www.le-cocher.org\/index.php?rest_route=%2Fwp%2Fv2%2Fcomments&post=16"}],"version-history":[{"count":23,"href":"https:\/\/www.le-cocher.org\/index.php?rest_route=\/wp\/v2\/pages\/16\/revisions"}],"predecessor-version":[{"id":275,"href":"https:\/\/www.le-cocher.org\/index.php?rest_route=\/wp\/v2\/pages\/16\/revisions\/275"}],"wp:attachment":[{"href":"https:\/\/www.le-cocher.org\/index.php?rest_route=%2Fwp%2Fv2%2Fmedia&parent=16"}],"curies":[{"name":"wp","href":"https:\/\/api.w.org\/{rel}","templated":true}]}}