{"id":121,"date":"2026-05-03T19:01:40","date_gmt":"2026-05-03T17:01:40","guid":{"rendered":"https:\/\/new.le-cocher.org\/?page_id=121"},"modified":"2026-05-03T19:03:24","modified_gmt":"2026-05-03T17:03:24","slug":"prestations","status":"publish","type":"page","link":"https:\/\/www.le-cocher.org\/prestations\/","title":{"rendered":"Prestations"},"content":{"rendered":"\n<p>La tarification de nos prestations nous permet d\u2019ann\u00e9e en ann\u00e9e d\u2019acqu\u00e9rir du mat\u00e9riel de plus en plus \u00e9volu\u00e9. Elles sont offertes pour tout \u00e9v\u00e8nement institutionnel, associatif, priv\u00e9&#8230; Le tableau ci-dessous est donn\u00e9 \u00e0 titre indicatif, mais contactez-nous pour plus d&rsquo;informations ou un programme sur mesure.<br><\/p>\n\n\n\n<figure class=\"wp-block-table\"><table class=\"has-fixed-layout\"><tbody><tr><td><mark>Prestation<\/mark><\/td><td><mark>Prix<\/mark><\/td><td><mark>Description<\/mark><\/td><\/tr><tr><td>PRESTATION DE BASE (obligatoire)<\/td><td>150\u20ac<\/td><td>Observation seule, au choix, avec au moins 2 instruments  :<br>&#8211; De nuit : observation de la lune et des plan\u00e8tes du syst\u00e8me solaire <br>&#8211; De jour : observation du soleil (t\u00e2ches, protub\u00e9rances&#8230;)<\/td><\/tr><tr><td>OPTION Visuel assist\u00e9 n\u00e9buleuses \/ galaxies<\/td><td>+ 100\u20ac<\/td><td>Minimum un instrument suppl\u00e9mentaire avec cam\u00e9ra, PC et \u00e9cran<\/td><\/tr><tr><td>OPTION Conf\u00e9rence avec vid\u00e9o projecteur (sujet \u00e0 choisir)<\/td><td>+ 100\u20ac<\/td><td>Le conf\u00e9rencier est \u00e9galement guide et animateur de l&rsquo;ensemble.<\/td><\/tr><tr><td>OPTION Projection vid\u00e9o avec le visuel assist\u00e9<\/td><td>+ 50\u20ac<\/td><td>Projection des objets du ciel en live sur vid\u00e9o projecteur.<\/td><\/tr><tr><td>OPTION Exposition photos<\/td><td>+ 50\u20ac<\/td><td>Photographies prises par les membres du club<\/td><\/tr><tr><td>OPTION Randonn\u00e9e c\u00e9leste<\/td><td>+ 50\u20ac<\/td><td>Panneaux \u00e9voquant les distances dans l\u2019univers comment\u00e9s par un membre du club.<\/td><\/tr><\/tbody><\/table><\/figure>\n","protected":false},"excerpt":{"rendered":"<p>La tarification de nos prestations nous permet d\u2019ann\u00e9e en ann\u00e9e d\u2019acqu\u00e9rir du mat\u00e9riel de plus en plus \u00e9volu\u00e9. Elles sont offertes pour tout \u00e9v\u00e8nement institutionnel, associatif, priv\u00e9&#8230; Le tableau ci-dessous est donn\u00e9 \u00e0 titre indicatif, mais contactez-nous pour plus d&rsquo;informations ou un programme sur mesure. Prestation Prix Description PRESTATION DE BASE (obligatoire) 150\u20ac Observation seule, <a class=\"more-link\" href=\"https:\/\/www.le-cocher.org\/prestations\/\">Lire plus &#8230;<\/a><\/p>\n","protected":false},"author":1,"featured_media":0,"parent":0,"menu_order":0,"comment_status":"closed","ping_status":"closed","template":"","meta":{"footnotes":""},"class_list":["post-121","page","type-page","status-publish","hentry"],"_links":{"self":[{"href":"https:\/\/www.le-cocher.org\/wp-json\/wp\/v2\/pages\/121","targetHints":{"allow":["GET"]}}],"collection":[{"href":"https:\/\/www.le-cocher.org\/wp-json\/wp\/v2\/pages"}],"about":[{"href":"https:\/\/www.le-cocher.org\/wp-json\/wp\/v2\/types\/page"}],"author":[{"embeddable":true,"href":"https:\/\/www.le-cocher.org\/wp-json\/wp\/v2\/users\/1"}],"replies":[{"embeddable":true,"href":"https:\/\/www.le-cocher.org\/wp-json\/wp\/v2\/comments?post=121"}],"version-history":[{"count":3,"href":"https:\/\/www.le-cocher.org\/wp-json\/wp\/v2\/pages\/121\/revisions"}],"predecessor-version":[{"id":126,"href":"https:\/\/www.le-cocher.org\/wp-json\/wp\/v2\/pages\/121\/revisions\/126"}],"wp:attachment":[{"href":"https:\/\/www.le-cocher.org\/wp-json\/wp\/v2\/media?parent=121"}],"curies":[{"name":"wp","href":"https:\/\/api.w.org\/{rel}","templated":true}]}}