{"id":117,"date":"2026-05-03T18:44:18","date_gmt":"2026-05-03T16:44:18","guid":{"rendered":"https:\/\/new.le-cocher.org\/?page_id=117"},"modified":"2026-05-06T16:21:02","modified_gmt":"2026-05-06T14:21:02","slug":"le-materiel-du-cocher","status":"publish","type":"page","link":"https:\/\/www.le-cocher.org\/?page_id=117","title":{"rendered":"Le mat\u00e9riel du COCHER"},"content":{"rendered":"\n<p>Le mat\u00e9riel est disponible pour utilisation lors d&rsquo;\u00e9v\u00e8nements ou pour certains en pr\u00eat pour nos membres. Nous disposons notamment :<\/p>\n\n\n\n<ul class=\"wp-block-list\">\n<li>D&rsquo;un t\u00e9lescope Dobson de 400mm<\/li>\n\n\n\n<li>D&rsquo;une lunette APO 80\/600mm (avec monture au choix)<\/li>\n\n\n\n<li>D&rsquo;un t\u00e9lescope Maksutov de 127mm (avec monture au choix)<\/li>\n\n\n\n<li>D&rsquo;un autre t\u00e9lescope Maksutov de 127mm avec pied et monture EQ3.2<\/li>\n\n\n\n<li>D&rsquo;une lunette solaire \u00ab\u00a0Lunt\u00a0\u00bb (avec monture au choix)<\/li>\n\n\n\n<li>D&rsquo;une T\u00e9lescope solaire \u00ab\u00a0Coronado PST (avec monture au choix)<\/li>\n\n\n\n<li>De plusieurs montures \u00e9quatoriales motoris\u00e9es et Alt-Az<\/li>\n\n\n\n<li>D&rsquo;une cam\u00e9ra couleur ZWO ASI224MC<\/li>\n\n\n\n<li>&#8230; \u00e0 compl\u00e9ter<\/li>\n<\/ul>\n\n\n\n<p>Nous disposons \u00e9galement d&rsquo;une vaste biblioth\u00e8que de livres \u00e0 emprunter.<\/p>\n\n\n\n<p><\/p>\n","protected":false},"excerpt":{"rendered":"<p>Le mat\u00e9riel est disponible pour utilisation lors d&rsquo;\u00e9v\u00e8nements ou pour certains en pr\u00eat pour nos membres. Nous disposons notamment : Nous disposons \u00e9galement d&rsquo;une vaste biblioth\u00e8que de livres \u00e0 emprunter.<\/p>\n","protected":false},"author":1,"featured_media":0,"parent":0,"menu_order":0,"comment_status":"closed","ping_status":"closed","template":"","meta":{"ngg_post_thumbnail":0,"footnotes":""},"class_list":["post-117","page","type-page","status-publish","hentry"],"_links":{"self":[{"href":"https:\/\/www.le-cocher.org\/index.php?rest_route=\/wp\/v2\/pages\/117","targetHints":{"allow":["GET"]}}],"collection":[{"href":"https:\/\/www.le-cocher.org\/index.php?rest_route=\/wp\/v2\/pages"}],"about":[{"href":"https:\/\/www.le-cocher.org\/index.php?rest_route=\/wp\/v2\/types\/page"}],"author":[{"embeddable":true,"href":"https:\/\/www.le-cocher.org\/index.php?rest_route=\/wp\/v2\/users\/1"}],"replies":[{"embeddable":true,"href":"https:\/\/www.le-cocher.org\/index.php?rest_route=%2Fwp%2Fv2%2Fcomments&post=117"}],"version-history":[{"count":7,"href":"https:\/\/www.le-cocher.org\/index.php?rest_route=\/wp\/v2\/pages\/117\/revisions"}],"predecessor-version":[{"id":199,"href":"https:\/\/www.le-cocher.org\/index.php?rest_route=\/wp\/v2\/pages\/117\/revisions\/199"}],"wp:attachment":[{"href":"https:\/\/www.le-cocher.org\/index.php?rest_route=%2Fwp%2Fv2%2Fmedia&parent=117"}],"curies":[{"name":"wp","href":"https:\/\/api.w.org\/{rel}","templated":true}]}}